{"id":1902,"date":"2022-03-25T15:40:18","date_gmt":"2022-03-25T18:40:18","guid":{"rendered":"https:\/\/onsolutions.org\/?page_id=1902"},"modified":"2022-03-25T15:40:51","modified_gmt":"2022-03-25T18:40:51","slug":"patrocinio","status":"publish","type":"page","link":"https:\/\/onsolutions.org\/en\/patrocinio\/","title":{"rendered":"Patrocinio"},"content":{"rendered":"<div data-elementor-type=\"wp-page\" data-elementor-id=\"1902\" class=\"elementor elementor-1902\" data-elementor-settings=\"{&quot;ha_cmc_init_switcher&quot;:&quot;no&quot;}\">\n\t\t\t\t\t\t<section class=\"elementor-section elementor-top-section elementor-element elementor-element-376e6e6 elementor-section-boxed elementor-section-height-default elementor-section-height-default wpr-particle-no wpr-jarallax-no wpr-parallax-no wpr-sticky-section-no wpr-equal-height-no\" data-id=\"376e6e6\" data-element_type=\"section\" data-e-type=\"section\" data-settings=\"{&quot;background_background&quot;:&quot;classic&quot;,&quot;_ha_eqh_enable&quot;:false}\">\n\t\t\t\t\t\t\t<div class=\"elementor-background-overlay\"><\/div>\n\t\t\t\t\t\t\t<div class=\"elementor-container elementor-column-gap-default\">\n\t\t\t\t\t<div class=\"elementor-column elementor-col-100 elementor-top-column elementor-element elementor-element-a7aa959\" data-id=\"a7aa959\" data-element_type=\"column\" data-e-type=\"column\">\n\t\t\t<div class=\"elementor-widget-wrap elementor-element-populated\">\n\t\t\t\t\t\t<div class=\"elementor-element elementor-element-5d9b871 elementor-widget elementor-widget-heading\" data-id=\"5d9b871\" data-element_type=\"widget\" data-e-type=\"widget\" data-widget_type=\"heading.default\">\n\t\t\t\t<div class=\"elementor-widget-container\">\n\t\t\t\t\t<h2 class=\"elementor-heading-title elementor-size-default\">You make ON Solutions change lives<\/h2>\t\t\t\t<\/div>\n\t\t\t\t<\/div>\n\t\t\t\t<div class=\"elementor-element elementor-element-e6b3576 elementor-widget elementor-widget-text-editor\" data-id=\"e6b3576\" data-element_type=\"widget\" data-e-type=\"widget\" data-widget_type=\"text-editor.default\">\n\t\t\t\t<div class=\"elementor-widget-container\">\n\t\t\t\t\t\t\t\t\t<p style=\"text-align: center;\">Generosity is giving your all, but always feeling like it didn't cost you anything.<br \/>&#8211; Simone de Beauvoir<\/p>\t\t\t\t\t\t\t\t<\/div>\n\t\t\t\t<\/div>\n\t\t\t\t\t<\/div>\n\t\t<\/div>\n\t\t\t\t\t<\/div>\n\t\t<\/section>\n\t\t\t\t<section class=\"elementor-section elementor-top-section elementor-element elementor-element-2512c7d elementor-section-boxed elementor-section-height-default elementor-section-height-default wpr-particle-no wpr-jarallax-no wpr-parallax-no wpr-sticky-section-no wpr-equal-height-no\" data-id=\"2512c7d\" data-element_type=\"section\" data-e-type=\"section\" data-settings=\"{&quot;_ha_eqh_enable&quot;:false}\">\n\t\t\t\t\t\t<div class=\"elementor-container elementor-column-gap-default\">\n\t\t\t\t\t<div class=\"elementor-column elementor-col-100 elementor-top-column elementor-element elementor-element-9c5152a\" data-id=\"9c5152a\" data-element_type=\"column\" data-e-type=\"column\">\n\t\t\t<div class=\"elementor-widget-wrap elementor-element-populated\">\n\t\t\t\t\t\t<div class=\"elementor-element elementor-element-3e1f80c elementor-widget elementor-widget-image\" data-id=\"3e1f80c\" data-element_type=\"widget\" data-e-type=\"widget\" data-widget_type=\"image.default\">\n\t\t\t\t<div class=\"elementor-widget-container\">\n\t\t\t\t\t\t\t\t\t\t\t\t\t\t\t<img fetchpriority=\"high\" decoding=\"async\" width=\"610\" height=\"230\" src=\"https:\/\/onsolutions.org\/wp-content\/uploads\/2022\/03\/under-construction-1.png\" class=\"attachment-large size-large wp-image-784\" alt=\"\" srcset=\"https:\/\/onsolutions.org\/wp-content\/uploads\/2022\/03\/under-construction-1.png 1599w, https:\/\/onsolutions.org\/wp-content\/uploads\/2022\/03\/under-construction-1-300x204.png 300w, https:\/\/onsolutions.org\/wp-content\/uploads\/2022\/03\/under-construction-1-1024x697.png 1024w, https:\/\/onsolutions.org\/wp-content\/uploads\/2022\/03\/under-construction-1-768x523.png 768w, https:\/\/onsolutions.org\/wp-content\/uploads\/2022\/03\/under-construction-1-1536x1045.png 1536w, https:\/\/onsolutions.org\/wp-content\/uploads\/2022\/03\/under-construction-1-18x12.png 18w\" sizes=\"(max-width: 610px) 100vw, 610px\" \/>\t\t\t\t\t\t\t\t\t\t\t\t\t\t\t<\/div>\n\t\t\t\t<\/div>\n\t\t\t\t\t<\/div>\n\t\t<\/div>\n\t\t\t\t\t<\/div>\n\t\t<\/section>\n\t\t\t\t<section class=\"elementor-section elementor-top-section elementor-element elementor-element-d2438b7 elementor-section-full_width elementor-section-height-default elementor-section-height-default wpr-particle-no wpr-jarallax-no wpr-parallax-no wpr-sticky-section-no wpr-equal-height-no\" data-id=\"d2438b7\" data-element_type=\"section\" data-e-type=\"section\" data-settings=\"{&quot;background_background&quot;:&quot;classic&quot;,&quot;_ha_eqh_enable&quot;:false}\">\n\t\t\t\t\t\t<div class=\"elementor-container elementor-column-gap-no\">\n\t\t\t\t\t<div class=\"elementor-column elementor-col-100 elementor-top-column elementor-element elementor-element-f8c55f9\" data-id=\"f8c55f9\" data-element_type=\"column\" data-e-type=\"column\">\n\t\t\t<div class=\"elementor-widget-wrap elementor-element-populated\">\n\t\t\t\t\t\t<div class=\"elementor-element elementor-element-670eb98 elementor-widget elementor-widget-shortcode\" data-id=\"670eb98\" data-element_type=\"widget\" data-e-type=\"widget\" data-widget_type=\"shortcode.default\">\n\t\t\t\t<div class=\"elementor-widget-container\">\n\t\t\t\t\t\t\t<div class=\"elementor-shortcode\">\t\t<div data-elementor-type=\"wp-post\" data-elementor-id=\"1656\" class=\"elementor elementor-1656\" data-elementor-settings=\"{&quot;ha_cmc_init_switcher&quot;:&quot;no&quot;}\">\n\t\t\t\t\t\t<section class=\"elementor-section elementor-top-section elementor-element elementor-element-d2e5377 elementor-section-content-space-evenly elementor-section-boxed elementor-section-height-default elementor-section-height-default wpr-particle-no wpr-jarallax-no wpr-parallax-no wpr-sticky-section-no wpr-equal-height-no\" data-id=\"d2e5377\" data-element_type=\"section\" data-e-type=\"section\" data-settings=\"{&quot;_ha_eqh_enable&quot;:false}\">\n\t\t\t\t\t\t<div class=\"elementor-container elementor-column-gap-no\">\n\t\t\t\t\t<div class=\"elementor-column elementor-col-100 elementor-top-column elementor-element elementor-element-e363d4f\" data-id=\"e363d4f\" data-element_type=\"column\" data-e-type=\"column\" data-settings=\"{&quot;background_background&quot;:&quot;classic&quot;}\">\n\t\t\t<div class=\"elementor-widget-wrap elementor-element-populated\">\n\t\t\t\t\t\t<section class=\"elementor-section elementor-inner-section elementor-element elementor-element-8823e56 elementor-section-boxed elementor-section-height-default elementor-section-height-default wpr-particle-no wpr-jarallax-no wpr-parallax-no wpr-sticky-section-no wpr-equal-height-no\" data-id=\"8823e56\" data-element_type=\"section\" data-e-type=\"section\" data-settings=\"{&quot;background_background&quot;:&quot;classic&quot;,&quot;_ha_eqh_enable&quot;:false}\">\n\t\t\t\t\t\t<div class=\"elementor-container elementor-column-gap-default\">\n\t\t\t\t\t<div class=\"elementor-column elementor-col-100 elementor-inner-column elementor-element elementor-element-2f45d76\" data-id=\"2f45d76\" data-element_type=\"column\" data-e-type=\"column\" data-settings=\"{&quot;background_background&quot;:&quot;classic&quot;}\">\n\t\t\t<div class=\"elementor-widget-wrap elementor-element-populated\">\n\t\t\t\t\t\t<div class=\"elementor-element elementor-element-daebfd8 elementor-widget elementor-widget-image\" data-id=\"daebfd8\" data-element_type=\"widget\" data-e-type=\"widget\" data-widget_type=\"image.default\">\n\t\t\t\t<div class=\"elementor-widget-container\">\n\t\t\t\t\t\t\t\t\t\t\t\t\t\t\t<img decoding=\"async\" width=\"768\" height=\"363\" src=\"https:\/\/onsolutions.org\/wp-content\/uploads\/2022\/03\/LOGO-ON-grande-efeito-768x363.png\" class=\"attachment-medium_large size-medium_large wp-image-500\" alt=\"\" srcset=\"https:\/\/onsolutions.org\/wp-content\/uploads\/2022\/03\/LOGO-ON-grande-efeito-768x363.png 768w, https:\/\/onsolutions.org\/wp-content\/uploads\/2022\/03\/LOGO-ON-grande-efeito-300x142.png 300w, https:\/\/onsolutions.org\/wp-content\/uploads\/2022\/03\/LOGO-ON-grande-efeito-1024x484.png 1024w, https:\/\/onsolutions.org\/wp-content\/uploads\/2022\/03\/LOGO-ON-grande-efeito-1536x726.png 1536w, https:\/\/onsolutions.org\/wp-content\/uploads\/2022\/03\/LOGO-ON-grande-efeito-18x9.png 18w, https:\/\/onsolutions.org\/wp-content\/uploads\/2022\/03\/LOGO-ON-grande-efeito.png 2024w\" sizes=\"(max-width: 768px) 100vw, 768px\" \/>\t\t\t\t\t\t\t\t\t\t\t\t\t\t\t<\/div>\n\t\t\t\t<\/div>\n\t\t\t\t<div class=\"elementor-element elementor-element-04d88e8 elementor-widget elementor-widget-image\" data-id=\"04d88e8\" data-element_type=\"widget\" data-e-type=\"widget\" data-widget_type=\"image.default\">\n\t\t\t\t<div class=\"elementor-widget-container\">\n\t\t\t\t\t\t\t\t\t\t\t\t\t\t\t<img decoding=\"async\" width=\"1024\" height=\"27\" src=\"https:\/\/onsolutions.org\/wp-content\/uploads\/2022\/03\/fig.-14b2.png\" class=\"attachment-large size-large wp-image-1652\" alt=\"\" srcset=\"https:\/\/onsolutions.org\/wp-content\/uploads\/2022\/03\/fig.-14b2.png 2757w, https:\/\/onsolutions.org\/wp-content\/uploads\/2022\/03\/fig.-14b2-300x8.png 300w, https:\/\/onsolutions.org\/wp-content\/uploads\/2022\/03\/fig.-14b2-1024x27.png 1024w, https:\/\/onsolutions.org\/wp-content\/uploads\/2022\/03\/fig.-14b2-768x20.png 768w, https:\/\/onsolutions.org\/wp-content\/uploads\/2022\/03\/fig.-14b2-1536x41.png 1536w, https:\/\/onsolutions.org\/wp-content\/uploads\/2022\/03\/fig.-14b2-2048x54.png 2048w, https:\/\/onsolutions.org\/wp-content\/uploads\/2022\/03\/fig.-14b2-18x1.png 18w\" sizes=\"(max-width: 1024px) 100vw, 1024px\" \/>\t\t\t\t\t\t\t\t\t\t\t\t\t\t\t<\/div>\n\t\t\t\t<\/div>\n\t\t\t\t\t<\/div>\n\t\t<\/div>\n\t\t\t\t\t<\/div>\n\t\t<\/section>\n\t\t\t\t<section class=\"elementor-section elementor-inner-section elementor-element elementor-element-05390ae elementor-section-boxed elementor-section-height-default elementor-section-height-default wpr-particle-no wpr-jarallax-no wpr-parallax-no wpr-sticky-section-no wpr-equal-height-no\" data-id=\"05390ae\" data-element_type=\"section\" data-e-type=\"section\" data-settings=\"{&quot;_ha_eqh_enable&quot;:false}\">\n\t\t\t\t\t\t<div class=\"elementor-container elementor-column-gap-no\">\n\t\t\t\t\t<div class=\"elementor-column elementor-col-50 elementor-inner-column elementor-element elementor-element-ca7d9e4\" data-id=\"ca7d9e4\" data-element_type=\"column\" data-e-type=\"column\">\n\t\t\t<div class=\"elementor-widget-wrap elementor-element-populated\">\n\t\t\t\t\t\t<div class=\"elementor-element elementor-element-1b469ef elementor-widget elementor-widget-heading\" data-id=\"1b469ef\" data-element_type=\"widget\" data-e-type=\"widget\" data-widget_type=\"heading.default\">\n\t\t\t\t<div class=\"elementor-widget-container\">\n\t\t\t\t\t<h2 class=\"elementor-heading-title elementor-size-default\">Follow us on our social networks.<\/h2>\t\t\t\t<\/div>\n\t\t\t\t<\/div>\n\t\t\t\t<div class=\"elementor-element elementor-element-d8f6303 ha-separator--stroke elementor-widget elementor-widget-ha-social-icons happy-addon ha-social-icons\" data-id=\"d8f6303\" data-element_type=\"widget\" data-e-type=\"widget\" data-widget_type=\"ha-social-icons.default\">\n\t\t\t\t<div class=\"elementor-widget-container\">\n\t\t\t\t\t\t\t<div class=\"ha-social-icons-wrapper\">\n\t\t\t\t\t\t\t<a href=\"https:\/\/www.facebook.com\/ONG.ONSolutions\" target=\"_blank\" class=\"ha-social-icon elementor-repeater-item-69b7c9a  elementor-social-icon-facebook ha-social-icon--network\">\n\t\t\t\t\t<i class=\"fab fa-facebook\"><\/i><span class='ha-social-icon-label'>Facebook<\/span>\t\t\t\t<\/a>\n\t\t\t\t<span class='ha-social-icon-separator'>  <\/span>\t\t\t\t<a href=\"https:\/\/www.youtube.com\/channel\/UCYMAUt4mPSaWXr5iibu5H6A\" target=\"_blank\" class=\"ha-social-icon elementor-repeater-item-dd29f6d  elementor-social-icon-youtube ha-social-icon--network\">\n\t\t\t\t\t<i class=\"fab fa-youtube\"><\/i><span class='ha-social-icon-label'>Youtube<\/span>\t\t\t\t<\/a>\n\t\t\t\t<span class='ha-social-icon-separator'>  <\/span>\t\t\t\t<a href=\"https:\/\/contate.me\/onsolutions\" target=\"_blank\" class=\"ha-social-icon elementor-repeater-item-d6833cc  elementor-social-icon-whatsapp ha-social-icon--network\">\n\t\t\t\t\t<i class=\"fab fa-whatsapp\"><\/i><span class='ha-social-icon-label'>Whatsapp<\/span>\t\t\t\t<\/a>\n\t\t\t\t<span class='ha-social-icon-separator'>  <\/span>\t\t<\/div>\n\t\t\t\t\t\t<\/div>\n\t\t\t\t<\/div>\n\t\t\t\t\t<\/div>\n\t\t<\/div>\n\t\t\t\t<div class=\"elementor-column elementor-col-50 elementor-inner-column elementor-element elementor-element-02c27fc\" data-id=\"02c27fc\" data-element_type=\"column\" data-e-type=\"column\">\n\t\t\t<div class=\"elementor-widget-wrap elementor-element-populated\">\n\t\t\t\t\t\t<div class=\"elementor-element elementor-element-809334a elementor-widget elementor-widget-text-editor\" data-id=\"809334a\" data-element_type=\"widget\" data-e-type=\"widget\" data-widget_type=\"text-editor.default\">\n\t\t\t\t<div class=\"elementor-widget-container\">\n\t\t\t\t\t\t\t\t\t<p><span style=\"text-decoration: underline;\"><strong>S\u00e3o Gon\u00e7alo<\/strong><\/span><br \/>Av. Humberto de Alencar Castelo Branco, 834 \u2013 Casa 03 &#8211; <span style=\"font-size: 15px;\">Santa Catarina \u2013 S\u00e3o Gon\u00e7alo<br \/><\/span><span style=\"font-size: 15px;\">Rio de Janeiro <\/span><\/p>\t\t\t\t\t\t\t\t<\/div>\n\t\t\t\t<\/div>\n\t\t\t\t<div class=\"elementor-element elementor-element-64b8bbe elementor-widget elementor-widget-text-editor\" data-id=\"64b8bbe\" data-element_type=\"widget\" data-e-type=\"widget\" data-widget_type=\"text-editor.default\">\n\t\t\t\t<div class=\"elementor-widget-container\">\n\t\t\t\t\t\t\t\t\t<p><span style=\"text-decoration: underline;\"><strong>Maric\u00e1<\/strong><\/span><br \/><strong><span style=\"text-decoration: underline;\">Galp\u00e3o Socialista<\/span><\/strong><br \/>Av. Carlos Mariguella, 29 &#8211; Ino\u00e3, Maric\u00e1 &#8211; RJ.<br \/>Pr\u00f3ximo ao Campo do Esporte Clube Ino\u00e3.<\/p><p>Email: contato@onsolutions.org<\/p>\t\t\t\t\t\t\t\t<\/div>\n\t\t\t\t<\/div>\n\t\t\t\t\t<\/div>\n\t\t<\/div>\n\t\t\t\t\t<\/div>\n\t\t<\/section>\n\t\t\t\t<section class=\"elementor-section elementor-inner-section elementor-element elementor-element-d6e56e5 elementor-section-boxed elementor-section-height-default elementor-section-height-default wpr-particle-no wpr-jarallax-no wpr-parallax-no wpr-sticky-section-no wpr-equal-height-no\" data-id=\"d6e56e5\" data-element_type=\"section\" data-e-type=\"section\" data-settings=\"{&quot;_ha_eqh_enable&quot;:false}\">\n\t\t\t\t\t\t<div class=\"elementor-container elementor-column-gap-default\">\n\t\t\t\t\t<div class=\"elementor-column elementor-col-100 elementor-inner-column elementor-element elementor-element-39c43de\" data-id=\"39c43de\" data-element_type=\"column\" data-e-type=\"column\">\n\t\t\t<div class=\"elementor-widget-wrap elementor-element-populated\">\n\t\t\t\t\t\t<div class=\"elementor-element elementor-element-9d9e437 elementor-widget elementor-widget-text-editor\" data-id=\"9d9e437\" data-element_type=\"widget\" data-e-type=\"widget\" data-widget_type=\"text-editor.default\">\n\t\t\t\t<div class=\"elementor-widget-container\">\n\t\t\t\t\t\t\t\t\t<p>\u00a9 Copyright 2022 ON Solutions for life &#8211; Feito por EXM Tech &#8211; exmtech.com.br<\/p>\t\t\t\t\t\t\t\t<\/div>\n\t\t\t\t<\/div>\n\t\t\t\t\t<\/div>\n\t\t<\/div>\n\t\t\t\t\t<\/div>\n\t\t<\/section>\n\t\t\t\t\t<\/div>\n\t\t<\/div>\n\t\t\t\t\t<\/div>\n\t\t<\/section>\n\t\t\t\t<\/div>\n\t\t<\/div>\n\t\t\t\t\t\t<\/div>\n\t\t\t\t<\/div>\n\t\t\t\t\t<\/div>\n\t\t<\/div>\n\t\t\t\t\t<\/div>\n\t\t<\/section>\n\t\t\t\t<section class=\"elementor-section elementor-top-section elementor-element elementor-element-c513ee3 elementor-section-boxed elementor-section-height-default elementor-section-height-default wpr-particle-no wpr-jarallax-no wpr-parallax-no wpr-sticky-section-no wpr-equal-height-no\" data-id=\"c513ee3\" data-element_type=\"section\" data-e-type=\"section\" data-settings=\"{&quot;_ha_eqh_enable&quot;:false}\">\n\t\t\t\t\t\t<div class=\"elementor-container elementor-column-gap-default\">\n\t\t\t\t\t<div class=\"elementor-column elementor-col-100 elementor-top-column elementor-element elementor-element-2125e6d\" data-id=\"2125e6d\" data-element_type=\"column\" data-e-type=\"column\">\n\t\t\t<div class=\"elementor-widget-wrap\">\n\t\t\t\t\t\t\t<\/div>\n\t\t<\/div>\n\t\t\t\t\t<\/div>\n\t\t<\/section>\n\t\t\t\t<\/div>","protected":false},"excerpt":{"rendered":"<p>Voc\u00ea faz a ON Solutions mudar vidas Generosidade \u00e9 dar tudo de si, mas sempre sentir como se isso n\u00e3o houvesse lhe custado nada.&#8211; Simone de Beauvoir<\/p>","protected":false},"author":1,"featured_media":0,"parent":0,"menu_order":0,"comment_status":"closed","ping_status":"closed","template":"elementor_header_footer","meta":{"give_campaign_id":0,"_eb_attr":"","om_disable_all_campaigns":false,"_monsterinsights_skip_tracking":false,"_monsterinsights_sitenote_active":false,"_monsterinsights_sitenote_note":"","_monsterinsights_sitenote_category":0,"ocean_post_layout":"full-width","ocean_both_sidebars_style":"","ocean_both_sidebars_content_width":0,"ocean_both_sidebars_sidebars_width":0,"ocean_sidebar":"0","ocean_second_sidebar":"0","ocean_disable_margins":"enable","ocean_add_body_class":"","ocean_shortcode_before_top_bar":"","ocean_shortcode_after_top_bar":"","ocean_shortcode_before_header":"","ocean_shortcode_after_header":"","ocean_has_shortcode":"","ocean_shortcode_after_title":"","ocean_shortcode_before_footer_widgets":"","ocean_shortcode_after_footer_widgets":"","ocean_shortcode_before_footer_bottom":"","ocean_shortcode_after_footer_bottom":"","ocean_display_top_bar":"default","ocean_display_header":"default","ocean_header_style":"transparent","ocean_center_header_left_menu":"0","ocean_custom_header_template":"0","ocean_custom_logo":0,"ocean_custom_retina_logo":0,"ocean_custom_logo_max_width":0,"ocean_custom_logo_tablet_max_width":0,"ocean_custom_logo_mobile_max_width":0,"ocean_custom_logo_max_height":0,"ocean_custom_logo_tablet_max_height":0,"ocean_custom_logo_mobile_max_height":0,"ocean_header_custom_menu":"7","ocean_menu_typo_font_family":"0","ocean_menu_typo_font_subset":"","ocean_menu_typo_font_size":0,"ocean_menu_typo_font_size_tablet":0,"ocean_menu_typo_font_size_mobile":0,"ocean_menu_typo_font_size_unit":"px","ocean_menu_typo_font_weight":"","ocean_menu_typo_font_weight_tablet":"","ocean_menu_typo_font_weight_mobile":"","ocean_menu_typo_transform":"","ocean_menu_typo_transform_tablet":"","ocean_menu_typo_transform_mobile":"","ocean_menu_typo_line_height":0,"ocean_menu_typo_line_height_tablet":0,"ocean_menu_typo_line_height_mobile":0,"ocean_menu_typo_line_height_unit":"","ocean_menu_typo_spacing":0,"ocean_menu_typo_spacing_tablet":0,"ocean_menu_typo_spacing_mobile":0,"ocean_menu_typo_spacing_unit":"","ocean_menu_link_color":"","ocean_menu_link_color_hover":"","ocean_menu_link_color_active":"","ocean_menu_link_background":"","ocean_menu_link_hover_background":"","ocean_menu_link_active_background":"","ocean_menu_social_links_bg":"","ocean_menu_social_hover_links_bg":"","ocean_menu_social_links_color":"","ocean_menu_social_hover_links_color":"","ocean_disable_title":"on","ocean_disable_heading":"default","ocean_post_title":"Programa de Compliance","ocean_post_subheading":"","ocean_post_title_style":"centered","ocean_post_title_background_color":"","ocean_post_title_background":0,"ocean_post_title_bg_image_position":"","ocean_post_title_bg_image_attachment":"","ocean_post_title_bg_image_repeat":"","ocean_post_title_bg_image_size":"","ocean_post_title_height":0,"ocean_post_title_bg_overlay":0.5,"ocean_post_title_bg_overlay_color":"","ocean_disable_breadcrumbs":"off","ocean_breadcrumbs_color":"#000000","ocean_breadcrumbs_separator_color":"","ocean_breadcrumbs_links_color":"","ocean_breadcrumbs_links_hover_color":"","ocean_display_footer_widgets":"default","ocean_display_footer_bottom":"default","ocean_custom_footer_template":"0","footnotes":""},"class_list":["post-1902","page","type-page","status-publish","hentry","entry"],"aioseo_notices":[],"campaignId":"","_links":{"self":[{"href":"https:\/\/onsolutions.org\/en\/wp-json\/wp\/v2\/pages\/1902","targetHints":{"allow":["GET"]}}],"collection":[{"href":"https:\/\/onsolutions.org\/en\/wp-json\/wp\/v2\/pages"}],"about":[{"href":"https:\/\/onsolutions.org\/en\/wp-json\/wp\/v2\/types\/page"}],"author":[{"embeddable":true,"href":"https:\/\/onsolutions.org\/en\/wp-json\/wp\/v2\/users\/1"}],"replies":[{"embeddable":true,"href":"https:\/\/onsolutions.org\/en\/wp-json\/wp\/v2\/comments?post=1902"}],"version-history":[{"count":4,"href":"https:\/\/onsolutions.org\/en\/wp-json\/wp\/v2\/pages\/1902\/revisions"}],"predecessor-version":[{"id":1906,"href":"https:\/\/onsolutions.org\/en\/wp-json\/wp\/v2\/pages\/1902\/revisions\/1906"}],"wp:attachment":[{"href":"https:\/\/onsolutions.org\/en\/wp-json\/wp\/v2\/media?parent=1902"}],"curies":[{"name":"wp","href":"https:\/\/api.w.org\/{rel}","templated":true}]}}